{"id":385,"date":"2026-01-10T00:33:28","date_gmt":"2026-01-10T00:33:28","guid":{"rendered":"https:\/\/montauvo.com\/?page_id=385"},"modified":"2026-02-11T02:51:29","modified_gmt":"2026-02-11T02:51:29","slug":"kto-sme","status":"publish","type":"page","link":"https:\/\/montauvo.com\/sk\/kto-sme\/","title":{"rendered":"Kto sme"},"content":{"rendered":"<div class=\"fb611c1304dccbad95129ca36d8ed2c8\" data-index=\"1\" style=\"float: none; margin:0px 0 0px 0; text-align:center;\">\n<script async src=\"https:\/\/pagead2.googlesyndication.com\/pagead\/js\/adsbygoogle.js?client=ca-pub-9658426989352306\"\r\n     crossorigin=\"anonymous\"><\/script>\r\n<!-- ADS 1 -->\r\n<ins class=\"adsbygoogle\"\r\n     style=\"display:block\"\r\n     data-ad-client=\"ca-pub-9658426989352306\"\r\n     data-ad-slot=\"5276734833\"\r\n     data-ad-format=\"auto\"\r\n     data-full-width-responsive=\"true\"><\/ins>\r\n<script>\r\n     (adsbygoogle = window.adsbygoogle || []).push({});\r\n<\/script>\n<\/div>\n\n<p>O <strong>Mountavo<\/strong> T\u00e1to webov\u00e1 str\u00e1nka bola vytvoren\u00e1 s cie\u013eom poskytova\u0165 u\u017eito\u010dn\u00e9, pr\u00edstupn\u00e9 a aktu\u00e1lne inform\u00e1cie o technol\u00f3gi\u00e1ch, aplik\u00e1ci\u00e1ch, financi\u00e1ch, zauj\u00edmav\u00fdch faktoch a praktick\u00fdch rie\u0161eniach pre ka\u017edodenn\u00fd \u017eivot. Zameriavame sa na transform\u00e1ciu t\u00e9m, ktor\u00e9 sa \u010dasto zdaj\u00fa zlo\u017eit\u00e9, na jednoduch\u00fd, priamy a \u013eahko pou\u017eite\u013en\u00fd obsah, ktor\u00fd v\u00e1m pom\u00f4\u017ee robi\u0165 rozhodnutia s v\u00e4\u010d\u0161ou istotou a jasnos\u0165ou.<\/p>\n\n\n\n<p>Neust\u00e1le pracujeme na v\u00fdskume, testovan\u00ed a objekt\u00edvnej anal\u00fdze, aby sme v\u00e1m poskytli spo\u013eahliv\u00e9 a relevantn\u00e9 tipy, pri\u010dom v\u017edy mysl\u00edme na t\u00fdch, ktor\u00ed sa chc\u00fa u\u010di\u0165, \u0161etri\u0165 \u010das a lep\u0161ie vyu\u017e\u00edva\u0165 digit\u00e1lne zdroje. N\u00e1zov str\u00e1nky je len osobn\u00fdm odkazom \u2013 na\u0161ou skuto\u010dnou cestou s\u00fa vedomosti, kvalitn\u00e9 inform\u00e1cie a praktickos\u0165, ktor\u00e9 zmenia v\u00e1\u0161 ka\u017edodenn\u00fd \u017eivot.<\/p>\n<!--CusAds0-->\n<div style=\"font-size: 0px; height: 0px; line-height: 0px; margin: 0; padding: 0; clear: both;\"><\/div>","protected":false},"excerpt":{"rendered":"<p>O Mountavo \u00e9 um site criado para levar informa\u00e7\u00e3o \u00fatil, acess\u00edvel e atualizada sobre tecnologia, aplicativos, finan\u00e7as, curiosidades e solu\u00e7\u00f5es pr\u00e1ticas para o dia a dia. Nosso foco \u00e9 transformar assuntos que muitas vezes parecem complexos em conte\u00fados simples, diretos e f\u00e1ceis de aplicar, ajudando voc\u00ea a tomar decis\u00f5es com mais seguran\u00e7a e clareza. Trabalhamos [&hellip;]<\/p>","protected":false},"author":1,"featured_media":0,"parent":0,"menu_order":0,"comment_status":"closed","ping_status":"closed","template":"","meta":{"footnotes":""},"class_list":["post-385","page","type-page","status-publish"],"_links":{"self":[{"href":"https:\/\/montauvo.com\/sk\/wp-json\/wp\/v2\/pages\/385","targetHints":{"allow":["GET"]}}],"collection":[{"href":"https:\/\/montauvo.com\/sk\/wp-json\/wp\/v2\/pages"}],"about":[{"href":"https:\/\/montauvo.com\/sk\/wp-json\/wp\/v2\/types\/page"}],"author":[{"embeddable":true,"href":"https:\/\/montauvo.com\/sk\/wp-json\/wp\/v2\/users\/1"}],"replies":[{"embeddable":true,"href":"https:\/\/montauvo.com\/sk\/wp-json\/wp\/v2\/comments?post=385"}],"version-history":[{"count":2,"href":"https:\/\/montauvo.com\/sk\/wp-json\/wp\/v2\/pages\/385\/revisions"}],"predecessor-version":[{"id":486,"href":"https:\/\/montauvo.com\/sk\/wp-json\/wp\/v2\/pages\/385\/revisions\/486"}],"wp:attachment":[{"href":"https:\/\/montauvo.com\/sk\/wp-json\/wp\/v2\/media?parent=385"}],"curies":[{"name":"wp","href":"https:\/\/api.w.org\/{rel}","templated":true}]}}