{"id":383,"date":"2026-01-10T00:24:36","date_gmt":"2026-01-10T00:24:36","guid":{"rendered":"https:\/\/montauvo.com\/?page_id=383"},"modified":"2026-02-11T02:59:55","modified_gmt":"2026-02-11T02:59:55","slug":"naudojimo-salygos","status":"publish","type":"page","link":"https:\/\/montauvo.com\/lt\/naudojimo-salygos\/","title":{"rendered":"Naudojimo s\u0105lygos"},"content":{"rendered":"<div class=\"d3a94af92d9ae71319921c8fbe49ca7c\" data-index=\"1\" style=\"float: none; margin:0px 0 0px 0; text-align:center;\">\n<script async src=\"https:\/\/pagead2.googlesyndication.com\/pagead\/js\/adsbygoogle.js?client=ca-pub-9658426989352306\"\r\n     crossorigin=\"anonymous\"><\/script>\r\n<!-- ADS 1 -->\r\n<ins class=\"adsbygoogle\"\r\n     style=\"display:block\"\r\n     data-ad-client=\"ca-pub-9658426989352306\"\r\n     data-ad-slot=\"5276734833\"\r\n     data-ad-format=\"auto\"\r\n     data-full-width-responsive=\"true\"><\/ins>\r\n<script>\r\n     (adsbygoogle = window.adsbygoogle || []).push({});\r\n<\/script>\n<\/div>\n\n<h2 class=\"wp-block-heading\">1. S\u0105lygos<\/h2>\n\n\n\n<p>Kai lankot\u0117s svetain\u0117je\u00a0<a href=\"https:\/\/montauvo.com\/lt\/\">Kalnas<\/a>, Naudodamiesi \u0161ia svetaine, j\u016bs sutinkate laikytis \u0161i\u0173 naudojimo s\u0105lyg\u0173, vis\u0173 taikom\u0173 \u012fstatym\u0173 ir kit\u0173 teis\u0117s akt\u0173 ir sutinkate, kad esate atsakingi u\u017e vis\u0173 taikom\u0173 vietos \u012fstatym\u0173 laikym\u0105si. Jei nesutinkate su kuriomis nors i\u0161 \u0161i\u0173 s\u0105lyg\u0173, jums draud\u017eiama naudotis \u0161ia svetaine ar prie jos prisijungti. \u0160ioje svetain\u0117je esan\u010di\u0105 med\u017eiag\u0105 saugo galiojantys autori\u0173 teisi\u0173 ir preki\u0173 \u017eenkl\u0173 \u012fstatymai.<\/p>\n\n\n\n<h2 class=\"wp-block-heading\">2. Licencijos naudojimas<\/h2>\n\n\n\n<p>Suteikiamas leidimas laikinai atsisi\u0173sti vien\u0105 med\u017eiagos (informacijos ar programin\u0117s \u012frangos) kopij\u0105 i\u0161 \u201eDica da Trilha\u201c svetain\u0117s asmeniniam, nekomerciniam, trumpalaikiam per\u017ei\u016br\u0117jimui. Tai yra licencijos suteikimas, o ne nuosavyb\u0117s teis\u0117s perdavimas, ir pagal \u0161i\u0105 licencij\u0105 j\u016bs negalite:<\/p>\n\n\n\n<ol class=\"wp-block-list\">\n<li>modifikuoti arba kopijuoti med\u017eiag\u0105;<\/li>\n\n\n\n<li>Naudoti med\u017eiag\u0105 bet kokiems komerciniams tikslams arba vie\u0161am demonstravimui (komerciniam ar nekomerciniam);<\/li>\n\n\n\n<li>Bandymas dekompiliuoti arba atlikti atvirk\u0161tin\u0119 bet kokios \u201eDica da Trilha\u201c svetain\u0117je esan\u010dios programin\u0117s \u012frangos in\u017einerij\u0105;<\/li>\n\n\n\n<li>pa\u0161alinti i\u0161 med\u017eiagos bet kokias autori\u0173 teisi\u0173 ar kitas nuosavyb\u0117s teises; arba<\/li>\n\n\n\n<li>Perduoti med\u017eiag\u0105 kitam asmeniui arba \u2018atkurti\u2019 j\u0105 bet kuriame kitame serveryje.<\/li>\n<\/ol>\n\n\n\n<p>\u0160i licencija bus automati\u0161kai nutraukta, jei pa\u017eeisite bet kur\u012f i\u0161 \u0161i\u0173 apribojim\u0173, ir \u201eMountavo\u201c gali j\u0105 bet kada nutraukti. Nustojus per\u017ei\u016br\u0117ti \u0161i\u0105 med\u017eiag\u0105 arba nutraukus \u0161i\u0105 licencij\u0105, privalote sunaikinti vis\u0105 turim\u0105 atsisi\u0173st\u0105 med\u017eiag\u0105, tiek elektronine, tiek spausdintine forma.<\/p>\n\n\n\n<h2 class=\"wp-block-heading\">3. Atsakomyb\u0117s apribojimas<\/h2>\n\n\n\n<ol class=\"wp-block-list\">\n<li>\u2018Mountavo\u2019 svetain\u0117je esanti med\u017eiaga pateikiama \u201etokia, kokia yra\u201c. \u201eMountavo\u201c nesuteikia joki\u0173 ai\u0161ki\u0173 ar numanom\u0173 garantij\u0173 ir atsisako bei paneigia visas kitas garantijas, \u012fskaitant, bet neapsiribojant, numanomas garantijas ar s\u0105lygas d\u0117l tinkamumo prekybai, tinkamumo konkre\u010diam tikslui ar intelektin\u0117s nuosavyb\u0117s ar kit\u0173 teisi\u0173 nepa\u017eeidimo.<\/li>\n\n\n\n<li>Be to, \u201eMountavo\u201c negarantuoja ir neteikia joki\u0173 parei\u0161kim\u0173 d\u0117l savo svetain\u0117je esan\u010dios ar kitaip su tokia med\u017eiaga ar bet kuriose su \u0161ia svetaine susietose svetain\u0117se esan\u010dios med\u017eiagos tikslumo, tik\u0117tin\u0173 rezultat\u0173 ar patikimumo.<\/li>\n<\/ol>\n\n\n\n<h2 class=\"wp-block-heading\">4. Apribojimai<\/h2>\n\n\n\n<p>Jokiu atveju \u201eMountavo\u201c ar jos tiek\u0117jai nebus atsakingi u\u017e joki\u0105 \u017eal\u0105 (\u012fskaitant, bet neapsiribojant, \u017eal\u0105 d\u0117l duomen\u0173 ar pelno praradimo arba d\u0117l verslo sutrikdymo), atsiradusi\u0105 d\u0117l \u201eMountavo\u201c med\u017eiagos naudojimo ar negal\u0117jimo jos naudoti, net jei \u201eMountavo\u201c ar \u012fgaliotas \u201eMountavo\u201c atstovas buvo \u017eod\u017eiu ar ra\u0161tu informuotas apie tokios \u017ealos galimyb\u0119. Kadangi kai kurios jurisdikcijos neleid\u017eia riboti numanom\u0173 garantij\u0173 arba riboti atsakomyb\u0117s u\u017e pasekmin\u0119 ar atsitiktin\u0119 \u017eal\u0105, \u0161ie apribojimai jums gali b\u016bti netaikomi.<\/p>\n\n\n\n<h2 class=\"wp-block-heading\">5. Med\u017eiag\u0173 tikslumas<\/h2>\n\n\n\n<p>\u201eMountavo\u201c svetain\u0117je rodomoje med\u017eiagoje gali b\u016bti technini\u0173, spausdinimo ar fotografijos klaid\u0173. \u201eMountavo\u201c negarantuoja, kad bet kokia jos svetain\u0117je pateikta med\u017eiaga yra tiksli, i\u0161sami ar aktuali. \u201eMountavo\u201c gali bet kada be \u012fsp\u0117jimo keisti savo svetain\u0117je esan\u010di\u0105 med\u017eiag\u0105. Ta\u010diau \u201eMountavo\u201c ne\u012fsipareigoja atnaujinti med\u017eiagos.<\/p>\n\n\n\n<h2 class=\"wp-block-heading\">6. Nuorodos<\/h2>\n\n\n\n<p>\u201eDica da Trilha\u201c neper\u017ei\u016br\u0117jo vis\u0173 svetaini\u0173, susiet\u0173 su jos svetaine, ir neatsako u\u017e jokios susietos svetain\u0117s turin\u012f. Bet kokios nuorodos \u012ftraukimas nerei\u0161kia, kad \u201eMountavo\u201c pritaria svetainei. Bet kuria susieta svetaine naudojasi savo rizika.<\/p>\n\n\n\n<h3 class=\"wp-block-heading\">Modifikacijos<\/h3>\n\n\n\n<p>\u201eMountavo\u201c gali bet kada be \u012fsp\u0117jimo per\u017ei\u016br\u0117ti \u0161ias svetain\u0117s paslaug\u0173 teikimo s\u0105lygas. Naudodamiesi \u0161ia svetaine, j\u016bs sutinkate laikytis dabartin\u0117s \u0161i\u0173 paslaug\u0173 teikimo s\u0105lyg\u0173 versijos.<\/p>\n\n\n\n<h3 class=\"wp-block-heading\">Taikytina teis\u0117<\/h3>\n\n\n\n<p>\u0160ioms s\u0105lygoms taikoma ir jos ai\u0161kinamos pagal Montavo \u012fstatymus, ir j\u016bs neat\u0161aukiamai sutinkate su i\u0161imtine tos valstijos ar vietov\u0117s teism\u0173 jurisdikcija.<\/p>\n<!--CusAds0-->\n<div style=\"font-size: 0px; height: 0px; line-height: 0px; margin: 0; padding: 0; clear: both;\"><\/div>","protected":false},"excerpt":{"rendered":"<p>1. Termos Ao acessar ao site\u00a0Mountavo, concorda em cumprir estes\u00a0termos de uso, todas as leis e regulamentos aplic\u00e1veis \u200b\u200be concorda que \u00e9 respons\u00e1vel pelo cumprimento de todas as leis locais aplic\u00e1veis. Se voc\u00ea n\u00e3o concordar com algum desses termos, est\u00e1 proibido de usar ou acessar este site. Os materiais contidos neste site s\u00e3o protegidos pelas [&hellip;]<\/p>","protected":false},"author":1,"featured_media":0,"parent":0,"menu_order":0,"comment_status":"closed","ping_status":"closed","template":"","meta":{"footnotes":""},"class_list":["post-383","page","type-page","status-publish"],"_links":{"self":[{"href":"https:\/\/montauvo.com\/lt\/wp-json\/wp\/v2\/pages\/383","targetHints":{"allow":["GET"]}}],"collection":[{"href":"https:\/\/montauvo.com\/lt\/wp-json\/wp\/v2\/pages"}],"about":[{"href":"https:\/\/montauvo.com\/lt\/wp-json\/wp\/v2\/types\/page"}],"author":[{"embeddable":true,"href":"https:\/\/montauvo.com\/lt\/wp-json\/wp\/v2\/users\/1"}],"replies":[{"embeddable":true,"href":"https:\/\/montauvo.com\/lt\/wp-json\/wp\/v2\/comments?post=383"}],"version-history":[{"count":2,"href":"https:\/\/montauvo.com\/lt\/wp-json\/wp\/v2\/pages\/383\/revisions"}],"predecessor-version":[{"id":490,"href":"https:\/\/montauvo.com\/lt\/wp-json\/wp\/v2\/pages\/383\/revisions\/490"}],"wp:attachment":[{"href":"https:\/\/montauvo.com\/lt\/wp-json\/wp\/v2\/media?parent=383"}],"curies":[{"name":"wp","href":"https:\/\/api.w.org\/{rel}","templated":true}]}}