{"id":363,"date":"2026-01-09T21:35:58","date_gmt":"2026-01-09T21:35:58","guid":{"rendered":"https:\/\/montauvo.com\/?page_id=363"},"modified":"2026-02-11T02:51:06","modified_gmt":"2026-02-11T02:51:06","slug":"privatumo-politika","status":"publish","type":"page","link":"https:\/\/montauvo.com\/lt\/privatumo-politika\/","title":{"rendered":"Privatumo politika"},"content":{"rendered":"<div class=\"d3a94af92d9ae71319921c8fbe49ca7c\" data-index=\"1\" style=\"float: none; margin:0px 0 0px 0; text-align:center;\">\n<script async src=\"https:\/\/pagead2.googlesyndication.com\/pagead\/js\/adsbygoogle.js?client=ca-pub-9658426989352306\"\r\n     crossorigin=\"anonymous\"><\/script>\r\n<!-- ADS 1 -->\r\n<ins class=\"adsbygoogle\"\r\n     style=\"display:block\"\r\n     data-ad-client=\"ca-pub-9658426989352306\"\r\n     data-ad-slot=\"5276734833\"\r\n     data-ad-format=\"auto\"\r\n     data-full-width-responsive=\"true\"><\/ins>\r\n<script>\r\n     (adsbygoogle = window.adsbygoogle || []).push({});\r\n<\/script>\n<\/div>\n<h2>Privatumo politika<\/h2>\n<p>J\u016bs\u0173 privatumas mums yra svarbus. \u201eMountavo\u201c politika yra gerbti j\u016bs\u0173 privatum\u0105, susijus\u012f su bet kokia informacija, kuri\u0105 galime apie jus rinkti svetain\u0117je. <a href=\"https:\/\/montauvo.com\/lt\/\">Montauvo<\/a>, ir kitos m\u016bs\u0173 valdomos ir m\u016bs\u0173 valdomos svetain\u0117s.<\/p>\n<p>Asmenin\u0117s informacijos pra\u0161ome tik tada, kai jos tikrai reikia norint suteikti jums paslaug\u0105. Tai darome s\u0105\u017einingai ir teis\u0117tai, jums \u017einant ir sutikus. Taip pat informuojame jus, kod\u0117l j\u0105 renkame ir kaip ji bus naudojama.<\/p>\n<p>Surinkt\u0105 informacij\u0105 saugome tik tiek laiko, kiek reikia pra\u0161omai paslaugai teikti. Saugodami duomenis, juos apsaugome komerci\u0161kai priimtinomis priemon\u0117mis, kad i\u0161vengtume praradimo ir vagyst\u0117s, taip pat neteis\u0117tos prieigos, atskleidimo, kopijavimo, naudojimo ar pakeitimo.<\/p>\n<p>Mes vie\u0161ai ar su tre\u010diosiomis \u0161alimis nesidalijame asmenine informacija, i\u0161skyrus atvejus, kai to reikalauja \u012fstatymai.<\/p>\n<p>M\u016bs\u0173 svetain\u0117je gali b\u016bti nuorod\u0173 \u012f i\u0161orines svetaines, kuri\u0173 mes nevaldome. Atkreipkite d\u0117mes\u012f, kad mes nekontroliuojame \u0161i\u0173 svetaini\u0173 turinio ir praktikos ir negalime prisiimti atsakomyb\u0117s u\u017e j\u0173 atitinkam\u0105 privatumo politik\u0105.<\/p>\n<p>J\u016bs galite atsisakyti m\u016bs\u0173 pra\u0161ymo pateikti asmenin\u0119 informacij\u0105, suprasdami, kad mes negal\u0117sime suteikti kai kuri\u0173 J\u016bs\u0173 pageidaujam\u0173 paslaug\u0173.<\/p>\n<p>Tolesnis m\u016bs\u0173 svetain\u0117s naudojimas bus laikomas m\u016bs\u0173 privatumo ir asmenin\u0117s informacijos praktikos sutikimu. Jei turite klausim\u0173 apie tai, kaip tvarkome naudotoj\u0173 duomenis ir asmenin\u0119 informacij\u0105, susisiekite su mumis.<\/p>\n<h2>\u201eMountavo\u201c svetain\u0117s saugumas ir pasitik\u0117jimas<\/h2>\n<p>Svetain\u0117 yra patikima ir saugi nar\u0161yti, kaip teigia [\u0161altinis \/ \u012fmon\u0117]. <a style=\"color: #576d96; text-decoration: none;\" href=\"https:\/\/confiavel.com.br\/https:\/\/montauvo.com\/\" target=\"_BLANK\" rel=\"noopener noreferrer\">Patvirtinimas<\/a>. Puslapis tikrina svetain\u0117s informacij\u0105, kad nustatyt\u0173 galimas saugumo problemas. \u012erankis patvirtina nar\u0161ymo veikl\u0105. <a style=\"color: #576d96; text-decoration: none;\" href=\"https:\/\/transparencyreport.google.com\/safe-browsing\/search?url=https:\/\/montauvo.com\/\" target=\"_BLANK\" rel=\"noopener noreferrer\">\u201eGoogle\u201c saugumas<\/a> Tai rodo, kad svetain\u0117 yra saugi.<\/p>\n<h2>Kaln\u0173 slapuk\u0173 politika<\/h2>\n<h3>Kas yra slapukai?<\/h3>\n<p>Kaip \u012fprasta beveik visose profesionaliose svetain\u0117se, \u0161i svetain\u0117 naudoja slapukus \u2013 ma\u017eus failus, atsiun\u010diamus \u012f j\u016bs\u0173 kompiuter\u012f, kad pagerint\u0173 j\u016bs\u0173 patirt\u012f. \u0160iame puslapyje apra\u0161oma, koki\u0105 informacij\u0105 jie renka, kaip mes j\u0105 naudojame ir kod\u0117l kartais turime saugoti \u0161iuos slapukus. Taip pat pasidalinsime, kaip galite u\u017ekirsti keli\u0105 \u0161i\u0173 slapuk\u0173 saugojimui, ta\u010diau tai gali suma\u017einti arba \u2018sugadinti\u2019 tam tikrus svetain\u0117s funkcionalumo elementus.<\/p>\n<h3>Kaip mes naudojame slapukus?<\/h3>\n<p>Slapukus naudojame d\u0117l \u012fvairi\u0173 prie\u017eas\u010di\u0173, kurios i\u0161samiai apra\u0161ytos toliau. Deja, daugeliu atvej\u0173 n\u0117ra standartini\u0173 pramon\u0117s standart\u0173, kaip i\u0161jungti slapukus, visi\u0161kai nei\u0161jungiant j\u0173 teikiam\u0173 \u0161ios svetain\u0117s funkcij\u0173 ir funkcij\u0173. Rekomenduojama palikti visus slapukus \u012fjungtus, jei nesate tikri, ar jums j\u0173 reikia, ar ne, jei jie naudojami j\u016bs\u0173 naudojamai paslaugai teikti.<\/p>\n<h3>I\u0161jungti slapukus<\/h3>\n<p>Galite neleisti nustatyti slapuk\u0173, pakeisdami nar\u0161ykl\u0117s nustatymus (\u017er. nar\u0161ykl\u0117s pagalbos skilt\u012f, kaip tai padaryti). Atminkite, kad slapuk\u0173 i\u0161jungimas tur\u0117s \u012ftakos \u0161ios ir daugelio kit\u0173 j\u016bs\u0173 lankom\u0173 svetaini\u0173 veikimui. I\u0161jungus slapukus paprastai bus i\u0161jungtos ir tam tikros \u0161ios svetain\u0117s funkcijos. Tod\u0117l rekomenduojama nei\u0161jungti slapuk\u0173.<\/p>\n<h3>M\u016bs\u0173 nustatyti slapukai<\/h3>\n<ul>\n<li>Su paskyra susij\u0119 slapukai: jei susikursite paskyr\u0105 pas mus, naudosime slapukus registracijos procesui ir bendram administravimui valdyti. \u0160ie slapukai paprastai bus i\u0161trinti, kai atsijungsite nuo sistemos, ta\u010diau kai kuriais atvejais jie gali likti ir v\u0117liau, kad prisimintume j\u016bs\u0173 svetain\u0117s nuostatas, kai i\u0161eisite.<\/li>\n<li>Su prisijungimu susij\u0119 slapukai: Kai esate prisijung\u0119, naudojame slapukus, kad gal\u0117tume prisiminti \u0161\u012f veiksm\u0105. Tai neleid\u017eia jums prisijungti kiekvien\u0105 kart\u0105, kai lankot\u0117s naujame puslapyje. \u0160ie slapukai paprastai pa\u0161alinami arba i\u0161valomi, kai atsijungiate, siekiant u\u017etikrinti, kad prisijung\u0119 gal\u0117tum\u0117te pasiekti tik ribotus i\u0161teklius ir sritis.<\/li>\n<li>Su el. pa\u0161to naujienlai\u0161kiais susij\u0119 slapukai: \u0161i svetain\u0117 si\u016blo naujienlai\u0161ki\u0173 arba el. pa\u0161to prenumeratos paslaugas, o slapukai gali b\u016bti naudojami siekiant prisiminti, ar jau esate u\u017esiregistrav\u0119, ir ar rodyti tam tikrus prane\u0161imus, kurie galioja tik u\u017esiprenumeravusiems \/ neprenumeruojantiems vartotojams.<\/li>\n<li>Su u\u017esakym\u0173 apdorojimu susij\u0119 slapukai: \u0161i svetain\u0117 si\u016blo el. prekybos arba mok\u0117jimo galimybes, o kai kurie slapukai yra b\u016btini siekiant u\u017etikrinti, kad j\u016bs\u0173 u\u017esakymas b\u016bt\u0173 \u012fsimenamas tarp puslapi\u0173, kad gal\u0117tume j\u012f tinkamai apdoroti.<\/li>\n<li>Su apklausomis susij\u0119 slapukai: periodi\u0161kai si\u016blome apklausas ir klausimynus, kad pateiktume \u012fdomios informacijos, nauding\u0173 \u012franki\u0173 arba tiksliau suprastume savo vartotoj\u0173 baz\u0119. \u0160iose apklausose gali b\u016bti naudojami slapukai, siekiant prisiminti, kas jau dalyvavo apklausoje, arba pateikti tikslius rezultatus po puslapio pakeitim\u0173.<\/li>\n<li>Su formomis susij\u0119 slapukai: kai pateikiate duomenis per form\u0105, pvz., esan\u010di\u0105 kontakt\u0173 puslapiuose arba komentar\u0173 formose, gali b\u016bti nustatyti slapukai, kurie \u012fsimena j\u016bs\u0173 naudotojo duomenis b\u016bsimam susira\u0161in\u0117jimui.<\/li>\n<li>Svetain\u0117s nuostat\u0173 slapukai: Siekdami u\u017etikrinti jums puiki\u0105 patirt\u012f \u0161ioje svetain\u0117je, pateikiame funkcij\u0105, leid\u017eian\u010di\u0105 nustatyti j\u016bs\u0173 nuostatas, kaip \u0161i svetain\u0117 veikia, kai j\u0105 naudojate. Kad prisimintume j\u016bs\u0173 nuostatas, turime nustatyti slapukus, kad \u0161i informacija b\u016bt\u0173 i\u0161saugota kiekvien\u0105 kart\u0105, kai s\u0105veikaujate su puslapiu, kuriam \u012ftakos turi j\u016bs\u0173 nuostatos.<\/li>\n<\/ul>\n<h3>Tre\u010di\u0173j\u0173 \u0161ali\u0173 slapukai<\/h3>\n<p>Kai kuriais ypatingais atvejais taip pat naudojame patikim\u0173 tre\u010di\u0173j\u0173 \u0161ali\u0173 pateiktus slapukus. \u0160iame skyriuje i\u0161samiai apra\u0161oma, su kokiais tre\u010di\u0173j\u0173 \u0161ali\u0173 slapukais galite susidurti \u0161ioje svetain\u0117je.<\/p>\n<ul>\n<li>\u0160ioje svetain\u0117je naudojama <a href=\"https:\/\/analytics.google.com\/analytics\/web\/\">\u201eGoogle Analytics\u201c<\/a>, Tai vienas i\u0161 labiausiai paplitusi\u0173 ir patikimiausi\u0173 analiz\u0117s sprendim\u0173 internete, padedantis mums suprasti, kaip j\u016bs naudojat\u0117s svetaine ir kaip galime pagerinti j\u016bs\u0173 patirt\u012f. \u0160ie slapukai gali sekti tokius dalykus kaip j\u016bs\u0173 praleistas laikas ir lankomi puslapiai, kad gal\u0117tume ir toliau kurti patraukl\u0173 turin\u012f.<\/li>\n<\/ul>\n<p>Daugiau informacijos apie \u201eGoogle Analytics\u201c slapukus rasite oficialiame \u201eGoogle Analytics\u201c puslapyje.<\/p>\n<ul>\n<li>Tre\u010di\u0173j\u0173 \u0161ali\u0173 analiz\u0117s \u012frankiai naudojami \u0161ios svetain\u0117s naudojimui steb\u0117ti ir matuoti, kad gal\u0117tume ir toliau kurti \u012ftraukiant\u012f turin\u012f. \u0160ie slapukai gali sekti tokius dalykus kaip j\u016bs\u0173 praleistas laikas svetain\u0117je ar lankomuose puslapiuose, o tai padeda mums suprasti, kaip galime patobulinti svetain\u0119.<\/li>\n<li>Periodi\u0161kai i\u0161bandome naujas funkcijas ir atliekame nedidelius svetain\u0117s pateikimo b\u016bdo pakeitimus. Kai vis dar testuojame naujas funkcijas, \u0161ie slapukai gali b\u016bti naudojami siekiant u\u017etikrinti nuosekli\u0105 j\u016bs\u0173 patirt\u012f svetain\u0117je, kol suprantame, kokius optimizavimus m\u016bs\u0173 vartotojai vertina labiausiai.<\/li>\n<li>Parduodant produktus, mums svarbu suprasti statistik\u0105 apie tai, kiek m\u016bs\u0173 svetain\u0117s lankytoj\u0173 i\u0161 tikr\u0173j\u0173 atlieka pirkim\u0105, ir b\u016btent tokius duomenis \u0161ie slapukai steb\u0117s. Tai svarbu jums, nes tai rei\u0161kia, kad galime pateikti tikslias verslo prognozes, kurios leid\u017eia mums analizuoti reklamos ir produkt\u0173 s\u0105naudas, kad u\u017etikrintume geriausi\u0105 \u012fmanom\u0105 kain\u0105.<\/li>\n<\/ul>\n<h3>Vartotojo \u012fsipareigojimas<\/h3>\n<p>Vartotojas sutinka tinkamai naudoti \u201eDica da Trilha\u201c svetain\u0117je si\u016blom\u0105 turin\u012f ir informacij\u0105, \u012fskaitant, bet neapsiribojant:<\/p>\n<ul>\n<li>A) Neu\u017esiimti neteis\u0117ta arba s\u0105\u017einingumo bei vie\u0161osios tvarkos principams prie\u0161taraujan\u010dia veikla;<\/li>\n<li>B) Neplatinti rasistinio ar ksenofobinio pob\u016bd\u017eio propagandos ar turinio, susijusio su azartiniais lo\u0161imais, azariniais \u017eaidimais, bet kokios r\u016b\u0161ies nelegalia pornografija ar turiniu, kuris skatina terorizm\u0105 ar pa\u017eeid\u017eia \u017emogaus teises;<\/li>\n<li>C) Nepa\u017eeisti \u201eDica da Trilha\u201c, jos tiek\u0117j\u0173 ar tre\u010di\u0173j\u0173 \u0161ali\u0173 fizini\u0173 (aparatin\u0117s) ir logini\u0173 (programin\u0117s \u012frangos) sistem\u0173, \u012fdiegiant ar platinant kompiuterinius virusus ar bet kokias kitas aparatin\u0117s ar programin\u0117s \u012frangos sistemas, galin\u010dias sukelti min\u0117t\u0105 \u017eal\u0105.<\/li>\n<\/ul>\n<h3>Blokuoti slapukus:<\/h3>\n<p>Vartotojai gali bet kada blokuoti ir (arba) i\u0161jungti slapukus i\u0161 bet kurios svetain\u0117s, \u012fskaitant m\u016bs\u0173. Nor\u0117dami tai padaryti, eikite \u012f savo nar\u0161ykl\u0117s nustatymus. \u017dr. toliau pateiktus pagrindini\u0173 nar\u0161ykli\u0173 pagalbos vadovus:<\/p>\n<ul>\n<li><a href=\"https:\/\/support.google.com\/accounts\/answer\/61416?hl=en\" target=\"_blank\" rel=\"noopener noreferrer\"> \u201eGoogle Chrome\u201c <\/a><\/li>\n<li><a href=\"https:\/\/support.mozilla.org\/en-US\/kb\/enhanced-tracking-protection-firefox-desktop?redirectlocale=en-US&amp;redirectslug=enable-and-disable-cookies-website-preferences\" target=\"_blank\" rel=\"noopener noreferrer\"> \u201eFirefox\u201c <\/a><\/li>\n<li><a href=\"https:\/\/support.microsoft.com\/pt-br\/help\/17442\/windows-internet-explorer-delete-manage-cookies\" target=\"_blank\" rel=\"noopener noreferrer\"> \u201eMicrosoft Edge\u201c <\/a><\/li>\n<li><a href=\"https:\/\/blogs.opera.com\/news\/2015\/08\/how-to-manage-cookies-in-opera\/\" target=\"_blank\" rel=\"noopener noreferrer\"> Opera <\/a><\/li>\n<li><a href=\"https:\/\/support.apple.com\/pt-br\/guide\/safari\/sfri11471\/mac\" target=\"_blank\" rel=\"noopener noreferrer\"> Safaris <\/a>.<\/li>\n<\/ul>\n<h3>Daugiau informacijos<\/h3>\n<p>Tikim\u0117s, kad tai ai\u0161ku, ir, kaip min\u0117ta anks\u010diau, jei abejojate, ar jums j\u0173 reikia, paprastai saugiau palikti slapukus \u012fjungtus, jei s\u0105veikaujate su viena i\u0161 m\u016bs\u0173 svetain\u0117s funkcij\u0173.<\/p>\n<p>\u0160i politika galioja nuo <strong>sausio<\/strong>\/<strong>2026<\/strong>.<\/p>\n<!--CusAds0-->\n<div style=\"font-size: 0px; height: 0px; line-height: 0px; margin: 0; padding: 0; clear: both;\"><\/div>","protected":false},"excerpt":{"rendered":"<p>Pol\u00edtica Privacidade A sua privacidade \u00e9 importante para n\u00f3s. \u00c9 pol\u00edtica do Mountavo respeitar a sua privacidade em rela\u00e7\u00e3o a qualquer informa\u00e7\u00e3o sua que possamos coletar no site Montauvo, e outros sites que possu\u00edmos e operamos. Solicitamos informa\u00e7\u00f5es pessoais apenas quando realmente precisamos delas para lhe fornecer um servi\u00e7o. Fazemo-lo por meios justos e legais, [&hellip;]<\/p>","protected":false},"author":1,"featured_media":0,"parent":0,"menu_order":0,"comment_status":"closed","ping_status":"closed","template":"","meta":{"footnotes":""},"class_list":["post-363","page","type-page","status-publish"],"_links":{"self":[{"href":"https:\/\/montauvo.com\/lt\/wp-json\/wp\/v2\/pages\/363","targetHints":{"allow":["GET"]}}],"collection":[{"href":"https:\/\/montauvo.com\/lt\/wp-json\/wp\/v2\/pages"}],"about":[{"href":"https:\/\/montauvo.com\/lt\/wp-json\/wp\/v2\/types\/page"}],"author":[{"embeddable":true,"href":"https:\/\/montauvo.com\/lt\/wp-json\/wp\/v2\/users\/1"}],"replies":[{"embeddable":true,"href":"https:\/\/montauvo.com\/lt\/wp-json\/wp\/v2\/comments?post=363"}],"version-history":[{"count":4,"href":"https:\/\/montauvo.com\/lt\/wp-json\/wp\/v2\/pages\/363\/revisions"}],"predecessor-version":[{"id":485,"href":"https:\/\/montauvo.com\/lt\/wp-json\/wp\/v2\/pages\/363\/revisions\/485"}],"wp:attachment":[{"href":"https:\/\/montauvo.com\/lt\/wp-json\/wp\/v2\/media?parent=363"}],"curies":[{"name":"wp","href":"https:\/\/api.w.org\/{rel}","templated":true}]}}