{"id":385,"date":"2026-01-10T00:33:28","date_gmt":"2026-01-10T00:33:28","guid":{"rendered":"https:\/\/montauvo.com\/?page_id=385"},"modified":"2026-02-11T02:51:29","modified_gmt":"2026-02-11T02:51:29","slug":"chi-siamo","status":"publish","type":"page","link":"https:\/\/montauvo.com\/it\/chi-siamo\/","title":{"rendered":"Chi siamo"},"content":{"rendered":"<div class=\"ae484c1736d17776eeac641c0a440af3\" data-index=\"1\" style=\"float: none; margin:0px 0 0px 0; text-align:center;\">\n<script async src=\"https:\/\/pagead2.googlesyndication.com\/pagead\/js\/adsbygoogle.js?client=ca-pub-9658426989352306\"\r\n     crossorigin=\"anonymous\"><\/script>\r\n<!-- ADS 1 -->\r\n<ins class=\"adsbygoogle\"\r\n     style=\"display:block\"\r\n     data-ad-client=\"ca-pub-9658426989352306\"\r\n     data-ad-slot=\"5276734833\"\r\n     data-ad-format=\"auto\"\r\n     data-full-width-responsive=\"true\"><\/ins>\r\n<script>\r\n     (adsbygoogle = window.adsbygoogle || []).push({});\r\n<\/script>\n<\/div>\n\n<p>O <strong>Mountavo<\/strong> Questo sito web \u00e8 stato creato per fornire informazioni utili, accessibili e aggiornate su tecnologia, app, finanza, fatti interessanti e soluzioni pratiche per la vita quotidiana. Il nostro obiettivo \u00e8 trasformare argomenti che spesso sembrano complessi in contenuti semplici, diretti e facili da applicare, aiutandovi a prendere decisioni con maggiore sicurezza e chiarezza.<\/p>\n\n\n\n<p>Lavoriamo costantemente con ricerca, test e analisi oggettive per fornire consigli affidabili e pertinenti, pensando sempre a chi desidera imparare, risparmiare tempo e utilizzare al meglio le risorse digitali. Il nome del sito \u00e8 solo un riferimento personale: la nostra vera strada \u00e8 la conoscenza, le informazioni di qualit\u00e0 e la praticit\u00e0 che fanno la differenza nella vita di tutti i giorni.<\/p>\n<!--CusAds0-->\n<div style=\"font-size: 0px; height: 0px; line-height: 0px; margin: 0; padding: 0; clear: both;\"><\/div>","protected":false},"excerpt":{"rendered":"<p>O Mountavo \u00e9 um site criado para levar informa\u00e7\u00e3o \u00fatil, acess\u00edvel e atualizada sobre tecnologia, aplicativos, finan\u00e7as, curiosidades e solu\u00e7\u00f5es pr\u00e1ticas para o dia a dia. Nosso foco \u00e9 transformar assuntos que muitas vezes parecem complexos em conte\u00fados simples, diretos e f\u00e1ceis de aplicar, ajudando voc\u00ea a tomar decis\u00f5es com mais seguran\u00e7a e clareza. Trabalhamos [&hellip;]<\/p>","protected":false},"author":1,"featured_media":0,"parent":0,"menu_order":0,"comment_status":"closed","ping_status":"closed","template":"","meta":{"footnotes":""},"class_list":["post-385","page","type-page","status-publish"],"_links":{"self":[{"href":"https:\/\/montauvo.com\/it\/wp-json\/wp\/v2\/pages\/385","targetHints":{"allow":["GET"]}}],"collection":[{"href":"https:\/\/montauvo.com\/it\/wp-json\/wp\/v2\/pages"}],"about":[{"href":"https:\/\/montauvo.com\/it\/wp-json\/wp\/v2\/types\/page"}],"author":[{"embeddable":true,"href":"https:\/\/montauvo.com\/it\/wp-json\/wp\/v2\/users\/1"}],"replies":[{"embeddable":true,"href":"https:\/\/montauvo.com\/it\/wp-json\/wp\/v2\/comments?post=385"}],"version-history":[{"count":2,"href":"https:\/\/montauvo.com\/it\/wp-json\/wp\/v2\/pages\/385\/revisions"}],"predecessor-version":[{"id":486,"href":"https:\/\/montauvo.com\/it\/wp-json\/wp\/v2\/pages\/385\/revisions\/486"}],"wp:attachment":[{"href":"https:\/\/montauvo.com\/it\/wp-json\/wp\/v2\/media?parent=385"}],"curies":[{"name":"wp","href":"https:\/\/api.w.org\/{rel}","templated":true}]}}