{"id":383,"date":"2026-01-10T00:24:36","date_gmt":"2026-01-10T00:24:36","guid":{"rendered":"https:\/\/montauvo.com\/?page_id=383"},"modified":"2026-02-11T02:59:55","modified_gmt":"2026-02-11T02:59:55","slug":"condiciones-de-uso","status":"publish","type":"page","link":"https:\/\/montauvo.com\/es_ar\/condiciones-de-uso\/","title":{"rendered":"Condiciones de uso"},"content":{"rendered":"<div class=\"1cf3632a40903fe4a8727d07a73f62bd\" data-index=\"1\" style=\"float: none; margin:0px 0 0px 0; text-align:center;\">\n<script async src=\"https:\/\/pagead2.googlesyndication.com\/pagead\/js\/adsbygoogle.js?client=ca-pub-9658426989352306\"\r\n     crossorigin=\"anonymous\"><\/script>\r\n<!-- ADS 1 -->\r\n<ins class=\"adsbygoogle\"\r\n     style=\"display:block\"\r\n     data-ad-client=\"ca-pub-9658426989352306\"\r\n     data-ad-slot=\"5276734833\"\r\n     data-ad-format=\"auto\"\r\n     data-full-width-responsive=\"true\"><\/ins>\r\n<script>\r\n     (adsbygoogle = window.adsbygoogle || []).push({});\r\n<\/script>\n<\/div>\n\n<h2 class=\"wp-block-heading\">1. Condiciones<\/h2>\n\n\n\n<p>Al acceder al sitio web\u00a0<a href=\"https:\/\/montauvo.com\/es_ar\/\">Monta\u00f1a<\/a>, Al usar este sitio, usted acepta cumplir con estos t\u00e9rminos de uso y todas las leyes y regulaciones aplicables, y se responsabiliza del cumplimiento de todas las leyes locales aplicables. Si no acepta alguno de estos t\u00e9rminos, se le proh\u00edbe usar o acceder a este sitio. Los materiales contenidos en este sitio web est\u00e1n protegidos por las leyes de derechos de autor y marcas registradas aplicables.<\/p>\n\n\n\n<h2 class=\"wp-block-heading\">2. Uso de la licencia<\/h2>\n\n\n\n<p>Se concede permiso para descargar temporalmente una copia de los materiales (informaci\u00f3n o software) del sitio web de Dica da Trilha, \u00fanicamente para su visualizaci\u00f3n personal, no comercial y transitoria. Esta licencia constituye una concesi\u00f3n de licencia, no una transferencia de titularidad, y bajo esta licencia no podr\u00e1:<\/p>\n\n\n\n<ol class=\"wp-block-list\">\n<li>modificar o copiar los materiales;<\/li>\n\n\n\n<li>Utilizar los materiales para cualquier prop\u00f3sito comercial o para exhibici\u00f3n p\u00fablica (comercial o no comercial);<\/li>\n\n\n\n<li>Intentar descompilar o realizar ingenier\u00eda inversa a cualquier software contenido en el sitio web de Dica da Trilha;<\/li>\n\n\n\n<li>eliminar cualquier derecho de autor u otras notaciones de propiedad de los materiales; o<\/li>\n\n\n\n<li>Transferir los materiales a otra persona o \u2018duplicar\u2019 los materiales en cualquier otro servidor.<\/li>\n<\/ol>\n\n\n\n<p>Esta licencia se rescindir\u00e1 autom\u00e1ticamente si usted infringe cualquiera de estas restricciones y Mountavo podr\u00e1 rescindirla en cualquier momento. Al finalizar la visualizaci\u00f3n de estos materiales o al rescindirse esta licencia, deber\u00e1 destruir todos los materiales descargados que tenga en su poder, ya sea en formato electr\u00f3nico o impreso.<\/p>\n\n\n\n<h2 class=\"wp-block-heading\">3. Descargo de responsabilidad<\/h2>\n\n\n\n<ol class=\"wp-block-list\">\n<li>Los materiales del sitio web de Mountavo se proporcionan &quot;tal cual&quot;. Mountavo no ofrece garant\u00edas, expresas ni impl\u00edcitas, y por la presente renuncia y niega cualquier otra garant\u00eda, incluyendo, entre otras, las garant\u00edas o condiciones impl\u00edcitas de comerciabilidad, idoneidad para un fin espec\u00edfico o no infracci\u00f3n de la propiedad intelectual u otra violaci\u00f3n de derechos.<\/li>\n\n\n\n<li>Adem\u00e1s, Mountavo no garantiza ni hace ninguna declaraci\u00f3n sobre la precisi\u00f3n, los resultados probables o la confiabilidad del uso de los materiales en su sitio web o de otro modo relacionados con dichos materiales o en cualquier sitio vinculado a este sitio.<\/li>\n<\/ol>\n\n\n\n<h2 class=\"wp-block-heading\">4. Limitaciones<\/h2>\n\n\n\n<p>En ning\u00fan caso Mountavo ni sus proveedores ser\u00e1n responsables de ning\u00fan da\u00f1o (incluyendo, sin limitaci\u00f3n, da\u00f1os por p\u00e9rdida de datos o beneficios, o debido a la interrupci\u00f3n del negocio) que surja del uso o la imposibilidad de usar los materiales de Mountavo, incluso si Mountavo o un representante autorizado de Mountavo ha sido notificado oralmente o por escrito de la posibilidad de dichos da\u00f1os. Dado que algunas jurisdicciones no permiten limitaciones a las garant\u00edas impl\u00edcitas ni limitaciones de responsabilidad por da\u00f1os consecuentes o incidentales, es posible que estas limitaciones no le sean aplicables.<\/p>\n\n\n\n<h2 class=\"wp-block-heading\">5. Precisi\u00f3n de los materiales<\/h2>\n\n\n\n<p>Los materiales que se muestran en el sitio web de Mountavo pueden contener errores t\u00e9cnicos, tipogr\u00e1ficos o fotogr\u00e1ficos. Mountavo no garantiza la exactitud, integridad ni actualidad del material de su sitio web. Mountavo puede modificar los materiales de su sitio web en cualquier momento sin previo aviso. Sin embargo, Mountavo no se compromete a actualizarlos.<\/p>\n\n\n\n<h2 class=\"wp-block-heading\">6. Enlaces<\/h2>\n\n\n\n<p>Dica da Trilha no ha revisado todos los sitios enlazados a su sitio web y no se responsabiliza del contenido de ninguno de ellos. La inclusi\u00f3n de un enlace no implica la aprobaci\u00f3n del sitio por parte de Mountavo. El uso de cualquier sitio web enlazado es bajo el propio riesgo del usuario.<\/p>\n\n\n\n<h3 class=\"wp-block-heading\">Modificaciones<\/h3>\n\n\n\n<p>Mountavo podr\u00e1 modificar estos t\u00e9rminos de servicio del sitio web en cualquier momento sin previo aviso. Al utilizar este sitio web, usted acepta la versi\u00f3n vigente de estos t\u00e9rminos de servicio.<\/p>\n\n\n\n<h3 class=\"wp-block-heading\">Ley aplicable<\/h3>\n\n\n\n<p>Estos t\u00e9rminos y condiciones se rigen e interpretan de conformidad con las leyes de Montavo, y usted se somete irrevocablemente a la jurisdicci\u00f3n exclusiva de los tribunales de ese estado o localidad.<\/p>\n<!--CusAds0-->\n<div style=\"font-size: 0px; height: 0px; line-height: 0px; margin: 0; padding: 0; clear: both;\"><\/div>","protected":false},"excerpt":{"rendered":"<p>1. Termos Ao acessar ao site\u00a0Mountavo, concorda em cumprir estes\u00a0termos de uso, todas as leis e regulamentos aplic\u00e1veis \u200b\u200be concorda que \u00e9 respons\u00e1vel pelo cumprimento de todas as leis locais aplic\u00e1veis. Se voc\u00ea n\u00e3o concordar com algum desses termos, est\u00e1 proibido de usar ou acessar este site. Os materiais contidos neste site s\u00e3o protegidos pelas [&hellip;]<\/p>","protected":false},"author":1,"featured_media":0,"parent":0,"menu_order":0,"comment_status":"closed","ping_status":"closed","template":"","meta":{"footnotes":""},"class_list":["post-383","page","type-page","status-publish"],"_links":{"self":[{"href":"https:\/\/montauvo.com\/es_ar\/wp-json\/wp\/v2\/pages\/383","targetHints":{"allow":["GET"]}}],"collection":[{"href":"https:\/\/montauvo.com\/es_ar\/wp-json\/wp\/v2\/pages"}],"about":[{"href":"https:\/\/montauvo.com\/es_ar\/wp-json\/wp\/v2\/types\/page"}],"author":[{"embeddable":true,"href":"https:\/\/montauvo.com\/es_ar\/wp-json\/wp\/v2\/users\/1"}],"replies":[{"embeddable":true,"href":"https:\/\/montauvo.com\/es_ar\/wp-json\/wp\/v2\/comments?post=383"}],"version-history":[{"count":2,"href":"https:\/\/montauvo.com\/es_ar\/wp-json\/wp\/v2\/pages\/383\/revisions"}],"predecessor-version":[{"id":490,"href":"https:\/\/montauvo.com\/es_ar\/wp-json\/wp\/v2\/pages\/383\/revisions\/490"}],"wp:attachment":[{"href":"https:\/\/montauvo.com\/es_ar\/wp-json\/wp\/v2\/media?parent=383"}],"curies":[{"name":"wp","href":"https:\/\/api.w.org\/{rel}","templated":true}]}}