{"id":363,"date":"2026-01-09T21:35:58","date_gmt":"2026-01-09T21:35:58","guid":{"rendered":"https:\/\/montauvo.com\/?page_id=363"},"modified":"2026-02-11T02:51:06","modified_gmt":"2026-02-11T02:51:06","slug":"privacy-policy","status":"publish","type":"page","link":"https:\/\/montauvo.com\/en\/privacy-policy\/","title":{"rendered":"Privacy Policy"},"content":{"rendered":"<div class=\"92995b69ea99992ece10b2ed40ac8fba\" data-index=\"1\" style=\"float: none; margin:0px 0 0px 0; text-align:center;\">\n<script async src=\"https:\/\/pagead2.googlesyndication.com\/pagead\/js\/adsbygoogle.js?client=ca-pub-9658426989352306\"\r\n     crossorigin=\"anonymous\"><\/script>\r\n<!-- ADS 1 -->\r\n<ins class=\"adsbygoogle\"\r\n     style=\"display:block\"\r\n     data-ad-client=\"ca-pub-9658426989352306\"\r\n     data-ad-slot=\"5276734833\"\r\n     data-ad-format=\"auto\"\r\n     data-full-width-responsive=\"true\"><\/ins>\r\n<script>\r\n     (adsbygoogle = window.adsbygoogle || []).push({});\r\n<\/script>\n<\/div>\n<h2>Privacy Policy<\/h2>\n<p>A sua privacidade \u00e9 importante para n\u00f3s. \u00c9 pol\u00edtica do Mountavo respeitar a sua privacidade em rela\u00e7\u00e3o a qualquer informa\u00e7\u00e3o sua que possamos coletar no site <a href=\"https:\/\/montauvo.com\/en\/\">Montauvo<\/a>, and other websites that we own and operate.<\/p>\n<p>We only request personal information when we truly need it to provide you with a service. We do so fairly and lawfully, with your knowledge and consent. We also inform you why we are collecting it and how it will be used.<\/p>\n<p>We only retain collected information for as long as necessary to provide the requested service. When we store data, we protect it within commercially acceptable means to prevent loss and theft, as well as unauthorized access, disclosure, copying, use, or modification.<\/p>\n<p>We do not share personally identifiable information publicly or with third parties, except when required by law.<\/p>\n<p>O nosso site pode ter links para sites externos que n\u00e3o s\u00e3o operados por n\u00f3s. Esteja ciente de que n\u00e3o temos controle sobre o conte\u00fado e pr\u00e1ticas desses sites e n\u00e3o podemos aceitar responsabilidade por suas respectivas pol\u00edticas de privacidade.<\/p>\n<p>You are free to refuse our request for personal information, understanding that we may not be able to provide some of the services you desire.<\/p>\n<p>Continued use of our website will be considered acceptance of our practices regarding privacy and personal information. If you have any questions about how we handle user data and personal information, please contact us.<\/p>\n<h2>Seguran\u00e7a e Confian\u00e7a do site Mountavo<\/h2>\n<p>The website is reliable and secure for user browsing, as stated by [the source\/company]. <a style=\"color: #576d96; text-decoration: none;\" href=\"https:\/\/confiavel.com.br\/https:\/\/montauvo.com\/\" target=\"_BLANK\" rel=\"noopener noreferrer\">Verification<\/a>. The page checks website information to identify potential security issues. The browsing activity is verified by the tool. <a style=\"color: #576d96; text-decoration: none;\" href=\"https:\/\/transparencyreport.google.com\/safe-browsing\/search?url=https:\/\/montauvo.com\/\" target=\"_BLANK\" rel=\"noopener noreferrer\">Google security<\/a> This shows that the site is secure.<\/p>\n<h2>Pol\u00edtica de Cookies Mountavo<\/h2>\n<h3>What are cookies?<\/h3>\n<p>Como \u00e9 pr\u00e1tica comum em quase todos os sites profissionais, este site usa cookies, que s\u00e3o pequenos arquivos baixados no seu computador, para melhorar sua experi\u00eancia. Esta p\u00e1gina descreve quais informa\u00e7\u00f5es eles coletam, como as usamos e por que \u00e0s vezes precisamos armazenar esses cookies. Tamb\u00e9m compartilharemos como voc\u00ea pode impedir que esses cookies sejam armazenados, no entanto, isso pode fazer o downgrade ou &#8216;quebrar&#8217; certos elementos da funcionalidade do site.<\/p>\n<h3>How do we use cookies?<\/h3>\n<p>We use cookies for various reasons, detailed below. Unfortunately, in most cases, there are no industry standard options for disabling cookies without completely disabling the functionality and features they add to this site. It is recommended that you leave all cookies enabled if you are unsure whether you need them or not, in case they are used to provide a service you use.<\/p>\n<h3>Disable cookies<\/h3>\n<p>You can prevent the setting of cookies by adjusting the settings on your browser (see your browser Help for how to do this). Be aware that disabling cookies will affect the functionality of this and many other websites that you visit. Disabling cookies will usually result in also disabling certain functionality and features of this site. Therefore, it is recommended that you do not disable cookies.<\/p>\n<h3>Cookies we set<\/h3>\n<ul>\n<li>Cookies relacionados \u00e0 contaSe voc\u00ea criar uma conta conosco, usaremos cookies para o gerenciamento do processo de inscri\u00e7\u00e3o e administra\u00e7\u00e3o geral. Esses cookies geralmente ser\u00e3o exclu\u00eddos quando voc\u00ea sair do sistema, por\u00e9m, em alguns casos, eles poder\u00e3o permanecer posteriormente para lembrar as prefer\u00eancias do seu site ao sair.<\/li>\n<li>Cookies relacionados ao loginUtilizamos cookies quando voc\u00ea est\u00e1 logado, para que possamos lembrar dessa a\u00e7\u00e3o. Isso evita que voc\u00ea precise fazer login sempre que visitar uma nova p\u00e1gina. Esses cookies s\u00e3o normalmente removidos ou limpos quando voc\u00ea efetua logout para garantir que voc\u00ea possa acessar apenas a recursos e \u00e1reas restritas ao efetuar login.<\/li>\n<li>Cookies relacionados a boletins por e-mailEste site oferece servi\u00e7os de assinatura de boletim informativo ou e-mail e os cookies podem ser usados \u200b\u200bpara lembrar se voc\u00ea j\u00e1 est\u00e1 registrado e se deve mostrar determinadas notifica\u00e7\u00f5es v\u00e1lidas apenas para usu\u00e1rios inscritos \/ n\u00e3o inscritos.<\/li>\n<li>Pedidos processando cookies relacionadosEste site oferece facilidades de com\u00e9rcio eletr\u00f4nico ou pagamento e alguns cookies s\u00e3o essenciais para garantir que seu pedido seja lembrado entre as p\u00e1ginas, para que possamos process\u00e1-lo adequadamente.<\/li>\n<li>Cookies relacionados a pesquisasPeriodicamente, oferecemos pesquisas e question\u00e1rios para fornecer informa\u00e7\u00f5es interessantes, ferramentas \u00fateis ou para entender nossa base de usu\u00e1rios com mais precis\u00e3o. Essas pesquisas podem usar cookies para lembrar quem j\u00e1 participou numa pesquisa ou para fornecer resultados precisos ap\u00f3s a altera\u00e7\u00e3o das p\u00e1ginas.<\/li>\n<li>Cookies relacionados a formul\u00e1riosQuando voc\u00ea envia dados por meio de um formul\u00e1rio como os encontrados nas p\u00e1ginas de contacto ou nos formul\u00e1rios de coment\u00e1rios, os cookies podem ser configurados para lembrar os detalhes do usu\u00e1rio para correspond\u00eancia futura.<\/li>\n<li>Cookies de prefer\u00eancias do sitePara proporcionar uma \u00f3tima experi\u00eancia neste site, fornecemos a funcionalidade para definir suas prefer\u00eancias de como esse site \u00e9 executado quando voc\u00ea o usa. Para lembrar suas prefer\u00eancias, precisamos definir cookies para que essas informa\u00e7\u00f5es possam ser chamadas sempre que voc\u00ea interagir com uma p\u00e1gina for afetada por suas prefer\u00eancias.<\/li>\n<\/ul>\n<h3>Third-party cookies<\/h3>\n<p>In some special cases, we also use cookies provided by trusted third parties. The following section details which third-party cookies you may encounter through this website.<\/p>\n<ul>\n<li>This site uses the <a href=\"https:\/\/analytics.google.com\/analytics\/web\/\">Google Analytics<\/a>, This is one of the most widespread and trusted analytics solutions on the web, to help us understand how you use the site and how we can improve your experience. These cookies may track things like how long you spend on the site and the pages you visit so we can continue to produce engaging content.<\/li>\n<\/ul>\n<p>For more information about Google Analytics cookies, please visit the official Google Analytics page.<\/p>\n<ul>\n<li>Third-party analytics are used to track and measure the use of this site so that we can continue to produce engaging content. These cookies may track things like how long you spend on the site or pages you visit, which helps us understand how we can improve the site for you.<\/li>\n<li>Periodically, we test new features and make subtle changes to the way the site presents itself. When we are still testing new features, these cookies may be used to ensure you receive a consistent experience while on the site, while we understand which optimizations our users appreciate most.<\/li>\n<li>As we sell products, it&#039;s important for us to understand statistics on how many of our website visitors actually make a purchase, and that&#039;s the type of data these cookies will track. This is important for you because it means we can make accurate business predictions that allow us to analyze our advertising and product costs to ensure the best possible price.<\/li>\n<\/ul>\n<h3>User Commitment<\/h3>\n<p>The user agrees to make appropriate use of the content and information that Dica da Trilha offers on the website, including but not limited to:<\/p>\n<ul>\n<li>A) Not to engage in activities that are illegal or contrary to good faith and public order;<\/li>\n<li>B) Not to disseminate propaganda or content of a racist or xenophobic nature, or related to gambling, games of chance, any type of illegal pornography, or content that promotes terrorism or violates human rights;<\/li>\n<li>C) Not to cause damage to the physical (hardware) and logical (software) systems of Dica da Trilha, its suppliers or third parties, by introducing or disseminating computer viruses or any other hardware or software systems capable of causing the aforementioned damage.<\/li>\n<\/ul>\n<h3>Block cookies:<\/h3>\n<p>Users can block and\/or disable cookies from any website, including ours, at any time. To do this, access your browser settings. See below for help guides for the main browsers:<\/p>\n<ul>\n<li><a href=\"https:\/\/support.google.com\/accounts\/answer\/61416?hl=en\" target=\"_blank\" rel=\"noopener noreferrer\"> Google Chrome <\/a><\/li>\n<li><a href=\"https:\/\/support.mozilla.org\/en-US\/kb\/enhanced-tracking-protection-firefox-desktop?redirectlocale=en-US&amp;redirectslug=enable-and-disable-cookies-website-preferences\" target=\"_blank\" rel=\"noopener noreferrer\"> Firefox <\/a><\/li>\n<li><a href=\"https:\/\/support.microsoft.com\/pt-br\/help\/17442\/windows-internet-explorer-delete-manage-cookies\" target=\"_blank\" rel=\"noopener noreferrer\"> Microsoft Edge <\/a><\/li>\n<li><a href=\"https:\/\/blogs.opera.com\/news\/2015\/08\/how-to-manage-cookies-in-opera\/\" target=\"_blank\" rel=\"noopener noreferrer\"> Opera <\/a><\/li>\n<li><a href=\"https:\/\/support.apple.com\/pt-br\/guide\/safari\/sfri11471\/mac\" target=\"_blank\" rel=\"noopener noreferrer\"> Safari <\/a>.<\/li>\n<\/ul>\n<h3>More information<\/h3>\n<p>We hope this is clear and, as mentioned before, if there&#039;s anything you&#039;re unsure about whether you need or not, it&#039;s generally safer to leave cookies enabled in case you interact with one of the features you use on our website.<\/p>\n<p>This policy is effective from <strong>Jan<\/strong>\/<strong>2026<\/strong>.<\/p>\n<!--CusAds0-->\n<div style=\"font-size: 0px; height: 0px; line-height: 0px; margin: 0; padding: 0; clear: both;\"><\/div>","protected":false},"excerpt":{"rendered":"<p>Pol\u00edtica Privacidade A sua privacidade \u00e9 importante para n\u00f3s. \u00c9 pol\u00edtica do Mountavo respeitar a sua privacidade em rela\u00e7\u00e3o a qualquer informa\u00e7\u00e3o sua que possamos coletar no site Montauvo, e outros sites que possu\u00edmos e operamos. Solicitamos informa\u00e7\u00f5es pessoais apenas quando realmente precisamos delas para lhe fornecer um servi\u00e7o. Fazemo-lo por meios justos e legais, [&hellip;]<\/p>","protected":false},"author":1,"featured_media":0,"parent":0,"menu_order":0,"comment_status":"closed","ping_status":"closed","template":"","meta":{"footnotes":""},"class_list":["post-363","page","type-page","status-publish"],"_links":{"self":[{"href":"https:\/\/montauvo.com\/en\/wp-json\/wp\/v2\/pages\/363","targetHints":{"allow":["GET"]}}],"collection":[{"href":"https:\/\/montauvo.com\/en\/wp-json\/wp\/v2\/pages"}],"about":[{"href":"https:\/\/montauvo.com\/en\/wp-json\/wp\/v2\/types\/page"}],"author":[{"embeddable":true,"href":"https:\/\/montauvo.com\/en\/wp-json\/wp\/v2\/users\/1"}],"replies":[{"embeddable":true,"href":"https:\/\/montauvo.com\/en\/wp-json\/wp\/v2\/comments?post=363"}],"version-history":[{"count":4,"href":"https:\/\/montauvo.com\/en\/wp-json\/wp\/v2\/pages\/363\/revisions"}],"predecessor-version":[{"id":485,"href":"https:\/\/montauvo.com\/en\/wp-json\/wp\/v2\/pages\/363\/revisions\/485"}],"wp:attachment":[{"href":"https:\/\/montauvo.com\/en\/wp-json\/wp\/v2\/media?parent=363"}],"curies":[{"name":"wp","href":"https:\/\/api.w.org\/{rel}","templated":true}]}}