{"id":385,"date":"2026-01-10T00:33:28","date_gmt":"2026-01-10T00:33:28","guid":{"rendered":"https:\/\/montauvo.com\/?page_id=385"},"modified":"2026-02-11T02:51:29","modified_gmt":"2026-02-11T02:51:29","slug":"wer-wir-sind","status":"publish","type":"page","link":"https:\/\/montauvo.com\/de\/wer-wir-sind\/","title":{"rendered":"Wer wir sind"},"content":{"rendered":"<div class=\"a34c9cfce5367063218ae9f3d951c876\" data-index=\"1\" style=\"float: none; margin:0px 0 0px 0; text-align:center;\">\n<script async src=\"https:\/\/pagead2.googlesyndication.com\/pagead\/js\/adsbygoogle.js?client=ca-pub-9658426989352306\"\r\n     crossorigin=\"anonymous\"><\/script>\r\n<!-- ADS 1 -->\r\n<ins class=\"adsbygoogle\"\r\n     style=\"display:block\"\r\n     data-ad-client=\"ca-pub-9658426989352306\"\r\n     data-ad-slot=\"5276734833\"\r\n     data-ad-format=\"auto\"\r\n     data-full-width-responsive=\"true\"><\/ins>\r\n<script>\r\n     (adsbygoogle = window.adsbygoogle || []).push({});\r\n<\/script>\n<\/div>\n\n<p>O <strong>Berg<\/strong> Diese Website bietet n\u00fctzliche, leicht verst\u00e4ndliche und aktuelle Informationen zu Technologie, Apps, Finanzen, interessanten Fakten und praktischen L\u00f6sungen f\u00fcr den Alltag. Unser Ziel ist es, komplexe Themen einfach, direkt und praxisnah zu erkl\u00e4ren, damit Sie fundiertere Entscheidungen treffen k\u00f6nnen.<\/p>\n\n\n\n<p>Wir arbeiten kontinuierlich an Forschung, Tests und objektiven Analysen, um zuverl\u00e4ssige und relevante Tipps zu liefern. Dabei denken wir stets an diejenigen, die lernen, Zeit sparen und digitale Ressourcen besser nutzen m\u00f6chten. Der Name der Website ist lediglich eine pers\u00f6nliche Anspielung \u2013 unser eigentliches Ziel sind Wissen, hochwertige Informationen und praktische Anwendungsm\u00f6glichkeiten, die Ihren Alltag bereichern.<\/p>\n<!--CusAds0-->\n<div style=\"font-size: 0px; height: 0px; line-height: 0px; margin: 0; padding: 0; clear: both;\"><\/div>","protected":false},"excerpt":{"rendered":"<p>O Mountavo \u00e9 um site criado para levar informa\u00e7\u00e3o \u00fatil, acess\u00edvel e atualizada sobre tecnologia, aplicativos, finan\u00e7as, curiosidades e solu\u00e7\u00f5es pr\u00e1ticas para o dia a dia. Nosso foco \u00e9 transformar assuntos que muitas vezes parecem complexos em conte\u00fados simples, diretos e f\u00e1ceis de aplicar, ajudando voc\u00ea a tomar decis\u00f5es com mais seguran\u00e7a e clareza. Trabalhamos [&hellip;]<\/p>","protected":false},"author":1,"featured_media":0,"parent":0,"menu_order":0,"comment_status":"closed","ping_status":"closed","template":"","meta":{"footnotes":""},"class_list":["post-385","page","type-page","status-publish"],"_links":{"self":[{"href":"https:\/\/montauvo.com\/de\/wp-json\/wp\/v2\/pages\/385","targetHints":{"allow":["GET"]}}],"collection":[{"href":"https:\/\/montauvo.com\/de\/wp-json\/wp\/v2\/pages"}],"about":[{"href":"https:\/\/montauvo.com\/de\/wp-json\/wp\/v2\/types\/page"}],"author":[{"embeddable":true,"href":"https:\/\/montauvo.com\/de\/wp-json\/wp\/v2\/users\/1"}],"replies":[{"embeddable":true,"href":"https:\/\/montauvo.com\/de\/wp-json\/wp\/v2\/comments?post=385"}],"version-history":[{"count":2,"href":"https:\/\/montauvo.com\/de\/wp-json\/wp\/v2\/pages\/385\/revisions"}],"predecessor-version":[{"id":486,"href":"https:\/\/montauvo.com\/de\/wp-json\/wp\/v2\/pages\/385\/revisions\/486"}],"wp:attachment":[{"href":"https:\/\/montauvo.com\/de\/wp-json\/wp\/v2\/media?parent=385"}],"curies":[{"name":"wp","href":"https:\/\/api.w.org\/{rel}","templated":true}]}}