{"id":383,"date":"2026-01-10T00:24:36","date_gmt":"2026-01-10T00:24:36","guid":{"rendered":"https:\/\/montauvo.com\/?page_id=383"},"modified":"2026-02-11T02:59:55","modified_gmt":"2026-02-11T02:59:55","slug":"nutzungsbedingungen","status":"publish","type":"page","link":"https:\/\/montauvo.com\/de\/nutzungsbedingungen\/","title":{"rendered":"Nutzungsbedingungen"},"content":{"rendered":"<div class=\"a34c9cfce5367063218ae9f3d951c876\" data-index=\"1\" style=\"float: none; margin:0px 0 0px 0; text-align:center;\">\n<script async src=\"https:\/\/pagead2.googlesyndication.com\/pagead\/js\/adsbygoogle.js?client=ca-pub-9658426989352306\"\r\n     crossorigin=\"anonymous\"><\/script>\r\n<!-- ADS 1 -->\r\n<ins class=\"adsbygoogle\"\r\n     style=\"display:block\"\r\n     data-ad-client=\"ca-pub-9658426989352306\"\r\n     data-ad-slot=\"5276734833\"\r\n     data-ad-format=\"auto\"\r\n     data-full-width-responsive=\"true\"><\/ins>\r\n<script>\r\n     (adsbygoogle = window.adsbygoogle || []).push({});\r\n<\/script>\n<\/div>\n\n<h2 class=\"wp-block-heading\">1. Bedingungen<\/h2>\n\n\n\n<p>Beim Zugriff auf die Website\u00a0<a href=\"https:\/\/montauvo.com\/de\/\">Berg<\/a>, Durch die Nutzung dieser Website erkl\u00e4ren Sie sich mit diesen Nutzungsbedingungen sowie allen geltenden Gesetzen und Bestimmungen einverstanden und best\u00e4tigen, dass Sie f\u00fcr die Einhaltung aller anwendbaren lokalen Gesetze verantwortlich sind. Sollten Sie mit diesen Bedingungen nicht einverstanden sein, ist Ihnen die Nutzung oder der Zugriff auf diese Website untersagt. Die auf dieser Website enthaltenen Materialien sind durch geltende Urheber- und Markenrechte gesch\u00fctzt.<\/p>\n\n\n\n<h2 class=\"wp-block-heading\">2. Lizenznutzung<\/h2>\n\n\n\n<p>Es wird die Erlaubnis erteilt, vor\u00fcbergehend eine Kopie der Materialien (Informationen oder Software) auf der Website \u201eDica da Trilha\u201c f\u00fcr den pers\u00f6nlichen, nicht-kommerziellen Gebrauch herunterzuladen. Dies ist die Erteilung einer Lizenz, nicht die \u00dcbertragung des Eigentums. Im Rahmen dieser Lizenz ist Folgendes nicht gestattet:<\/p>\n\n\n\n<ol class=\"wp-block-list\">\n<li>die Materialien ver\u00e4ndern oder kopieren;<\/li>\n\n\n\n<li>Die Materialien d\u00fcrfen nicht f\u00fcr kommerzielle Zwecke oder zur \u00f6ffentlichen Zurschaustellung (kommerziell oder nichtkommerziell) verwendet werden;<\/li>\n\n\n\n<li>Der Versuch, Software, die auf der Website Dica da Trilha enthalten ist, zu dekompilieren oder zur\u00fcckzuentwickeln;<\/li>\n\n\n\n<li>Entfernen Sie jegliche Urheberrechtsvermerke oder sonstige Eigentumshinweise aus den Materialien; oder<\/li>\n\n\n\n<li>\u00dcbertragen Sie die Materialien an eine andere Person oder spiegeln Sie die Materialien auf einem anderen Server.<\/li>\n<\/ol>\n\n\n\n<p>Esta licen\u00e7a ser\u00e1 automaticamente rescindida se voc\u00ea violar alguma dessas restri\u00e7\u00f5es e poder\u00e1 ser rescindida por Mountavo qualquer momento. Ao encerrar a visualiza\u00e7\u00e3o desses materiais ou ap\u00f3s o t\u00e9rmino desta licen\u00e7a, voc\u00ea deve apagar todos os materiais baixados em sua posse, seja em formato eletr\u00f3nico ou impresso.<\/p>\n\n\n\n<h2 class=\"wp-block-heading\">3. Haftungsausschluss<\/h2>\n\n\n\n<ol class=\"wp-block-list\">\n<li>Os materiais no site da Mountavo s\u00e3o fornecidos \u2018como est\u00e3o\u2019. Mountavo n\u00e3o oferece garantias, expressas ou impl\u00edcitas, e, por este meio, isenta e nega todas as outras garantias, incluindo, sem limita\u00e7\u00e3o, garantias impl\u00edcitas ou condi\u00e7\u00f5es de comercializa\u00e7\u00e3o, adequa\u00e7\u00e3o a um fim espec\u00edfico ou n\u00e3o viola\u00e7\u00e3o de propriedade intelectual ou outra viola\u00e7\u00e3o de direitos.<\/li>\n\n\n\n<li>Al\u00e9m disso, o Mountavo n\u00e3o garante ou faz qualquer representa\u00e7\u00e3o relativa \u00e0 precis\u00e3o, aos resultados prov\u00e1veis \u200b\u200bou \u00e0 confiabilidade do uso dos materiais em seu site ou de outra forma relacionado a esses materiais ou em sites vinculados a este site.<\/li>\n<\/ol>\n\n\n\n<h2 class=\"wp-block-heading\">4. Einschr\u00e4nkungen<\/h2>\n\n\n\n<p>Em nenhum caso o Mountavo ou seus fornecedores ser\u00e3o respons\u00e1veis \u200b\u200bpor quaisquer danos (incluindo, sem limita\u00e7\u00e3o, danos por perda de dados ou lucro ou devido a interrup\u00e7\u00e3o dos neg\u00f3cios) decorrentes do uso ou da incapacidade de usar os materiais em Mountavo , mesmo que Mountavo ou um representante autorizado da Mountavo tenha sido notificado oralmente ou por escrito da possibilidade de tais danos. Como algumas jurisdi\u00e7\u00f5es n\u00e3o permitem limita\u00e7\u00f5es em garantias impl\u00edcitas, ou limita\u00e7\u00f5es de responsabilidade por danos conseq\u00fcentes ou incidentais, essas limita\u00e7\u00f5es podem n\u00e3o se aplicar a voc\u00ea.<\/p>\n\n\n\n<h2 class=\"wp-block-heading\">5. Pr\u00e4zision der Werkstoffe<\/h2>\n\n\n\n<p>Os materiais exibidos no site da Mountavo podem incluir erros t\u00e9cnicos, tipogr\u00e1ficos ou fotogr\u00e1ficos. Mountavo n\u00e3o garante que qualquer material em seu site seja preciso, completo ou atual. Mountavo pode fazer altera\u00e7\u00f5es nos materiais contidos em seu site a qualquer momento, sem aviso pr\u00e9vio. No entanto, Mountavo n\u00e3o se compromete a atualizar os materiais.<\/p>\n\n\n\n<h2 class=\"wp-block-heading\">6. Links<\/h2>\n\n\n\n<p>O Dica da Trilha n\u00e3o analisou todos os sites vinculados ao seu site e n\u00e3o \u00e9 respons\u00e1vel pelo conte\u00fado de nenhum site vinculado. A inclus\u00e3o de qualquer link n\u00e3o implica endosso por Mountavo do site. O uso de qualquer site vinculado \u00e9 por conta e risco do usu\u00e1rio.<\/p>\n\n\n\n<h3 class=\"wp-block-heading\">\u00c4nderungen<\/h3>\n\n\n\n<p>O Mountavo pode revisar estes termos de servi\u00e7o do site a qualquer momento, sem aviso pr\u00e9vio. Ao usar este site, voc\u00ea concorda em ficar vinculado \u00e0 vers\u00e3o atual desses termos de servi\u00e7o.<\/p>\n\n\n\n<h3 class=\"wp-block-heading\">Anwendbares Recht<\/h3>\n\n\n\n<p>Estes termos e condi\u00e7\u00f5es s\u00e3o regidos e interpretados de acordo com as leis do Mountavo e voc\u00ea se submete irrevogavelmente \u00e0 jurisdi\u00e7\u00e3o exclusiva dos tribunais naquele estado ou localidade.<\/p>\n<!--CusAds0-->\n<div style=\"font-size: 0px; height: 0px; line-height: 0px; margin: 0; padding: 0; clear: both;\"><\/div>","protected":false},"excerpt":{"rendered":"<p>1. Termos Ao acessar ao site\u00a0Mountavo, concorda em cumprir estes\u00a0termos de uso, todas as leis e regulamentos aplic\u00e1veis \u200b\u200be concorda que \u00e9 respons\u00e1vel pelo cumprimento de todas as leis locais aplic\u00e1veis. Se voc\u00ea n\u00e3o concordar com algum desses termos, est\u00e1 proibido de usar ou acessar este site. Os materiais contidos neste site s\u00e3o protegidos pelas [&hellip;]<\/p>","protected":false},"author":1,"featured_media":0,"parent":0,"menu_order":0,"comment_status":"closed","ping_status":"closed","template":"","meta":{"footnotes":""},"class_list":["post-383","page","type-page","status-publish"],"_links":{"self":[{"href":"https:\/\/montauvo.com\/de\/wp-json\/wp\/v2\/pages\/383","targetHints":{"allow":["GET"]}}],"collection":[{"href":"https:\/\/montauvo.com\/de\/wp-json\/wp\/v2\/pages"}],"about":[{"href":"https:\/\/montauvo.com\/de\/wp-json\/wp\/v2\/types\/page"}],"author":[{"embeddable":true,"href":"https:\/\/montauvo.com\/de\/wp-json\/wp\/v2\/users\/1"}],"replies":[{"embeddable":true,"href":"https:\/\/montauvo.com\/de\/wp-json\/wp\/v2\/comments?post=383"}],"version-history":[{"count":2,"href":"https:\/\/montauvo.com\/de\/wp-json\/wp\/v2\/pages\/383\/revisions"}],"predecessor-version":[{"id":490,"href":"https:\/\/montauvo.com\/de\/wp-json\/wp\/v2\/pages\/383\/revisions\/490"}],"wp:attachment":[{"href":"https:\/\/montauvo.com\/de\/wp-json\/wp\/v2\/media?parent=383"}],"curies":[{"name":"wp","href":"https:\/\/api.w.org\/{rel}","templated":true}]}}