{"id":385,"date":"2026-01-10T00:33:28","date_gmt":"2026-01-10T00:33:28","guid":{"rendered":"https:\/\/montauvo.com\/?page_id=385"},"modified":"2026-02-11T02:51:29","modified_gmt":"2026-02-11T02:51:29","slug":"kdo-jsme","status":"publish","type":"page","link":"https:\/\/montauvo.com\/cs\/kdo-jsme\/","title":{"rendered":"Kdo jsme"},"content":{"rendered":"<div class=\"67ab49fee8e1ff0cf472e2e75afd74c2\" data-index=\"1\" style=\"float: none; margin:0px 0 0px 0; text-align:center;\">\n<script async src=\"https:\/\/pagead2.googlesyndication.com\/pagead\/js\/adsbygoogle.js?client=ca-pub-9658426989352306\"\r\n     crossorigin=\"anonymous\"><\/script>\r\n<!-- ADS 1 -->\r\n<ins class=\"adsbygoogle\"\r\n     style=\"display:block\"\r\n     data-ad-client=\"ca-pub-9658426989352306\"\r\n     data-ad-slot=\"5276734833\"\r\n     data-ad-format=\"auto\"\r\n     data-full-width-responsive=\"true\"><\/ins>\r\n<script>\r\n     (adsbygoogle = window.adsbygoogle || []).push({});\r\n<\/script>\n<\/div>\n\n<p>O <strong>Mountavo<\/strong> Tyto webov\u00e9 str\u00e1nky byly vytvo\u0159eny s c\u00edlem poskytovat u\u017eite\u010dn\u00e9, p\u0159\u00edstupn\u00e9 a aktu\u00e1ln\u00ed informace o technologi\u00edch, aplikac\u00edch, financ\u00edch, zaj\u00edmav\u00fdch faktech a praktick\u00fdch \u0159e\u0161en\u00edch pro ka\u017edodenn\u00ed \u017eivot. Zam\u011b\u0159ujeme se na transformaci t\u00e9mat, kter\u00e1 se \u010dasto zdaj\u00ed slo\u017eit\u00e1, do jednoduch\u00e9ho, p\u0159\u00edmo\u010dar\u00e9ho a snadno pou\u017eiteln\u00e9ho obsahu, kter\u00fd v\u00e1m pom\u016f\u017ee \u010dinit rozhodnut\u00ed s v\u011bt\u0161\u00ed jistotou a jasnost\u00ed.<\/p>\n\n\n\n<p>Neust\u00e1le prov\u00e1d\u00edme v\u00fdzkum, testov\u00e1n\u00ed a objektivn\u00ed anal\u00fdzy, abychom v\u00e1m poskytli spolehliv\u00e9 a relevantn\u00ed tipy. V\u017edy mysl\u00edme na ty, kte\u0159\u00ed se cht\u011bj\u00ed u\u010dit, \u0161et\u0159it \u010das a l\u00e9pe vyu\u017e\u00edvat digit\u00e1ln\u00ed zdroje. N\u00e1zev webu je pouze osobn\u00ed referenc\u00ed \u2013 na\u0161\u00ed skute\u010dnou cestou jsou znalosti, kvalitn\u00ed informace a prakti\u010dnost, kter\u00e9 m\u011bn\u00ed v\u00e1\u0161 ka\u017edodenn\u00ed \u017eivot.<\/p>\n<!--CusAds0-->\n<div style=\"font-size: 0px; height: 0px; line-height: 0px; margin: 0; padding: 0; clear: both;\"><\/div>","protected":false},"excerpt":{"rendered":"<p>O Mountavo \u00e9 um site criado para levar informa\u00e7\u00e3o \u00fatil, acess\u00edvel e atualizada sobre tecnologia, aplicativos, finan\u00e7as, curiosidades e solu\u00e7\u00f5es pr\u00e1ticas para o dia a dia. Nosso foco \u00e9 transformar assuntos que muitas vezes parecem complexos em conte\u00fados simples, diretos e f\u00e1ceis de aplicar, ajudando voc\u00ea a tomar decis\u00f5es com mais seguran\u00e7a e clareza. Trabalhamos [&hellip;]<\/p>","protected":false},"author":1,"featured_media":0,"parent":0,"menu_order":0,"comment_status":"closed","ping_status":"closed","template":"","meta":{"footnotes":""},"class_list":["post-385","page","type-page","status-publish"],"_links":{"self":[{"href":"https:\/\/montauvo.com\/cs\/wp-json\/wp\/v2\/pages\/385","targetHints":{"allow":["GET"]}}],"collection":[{"href":"https:\/\/montauvo.com\/cs\/wp-json\/wp\/v2\/pages"}],"about":[{"href":"https:\/\/montauvo.com\/cs\/wp-json\/wp\/v2\/types\/page"}],"author":[{"embeddable":true,"href":"https:\/\/montauvo.com\/cs\/wp-json\/wp\/v2\/users\/1"}],"replies":[{"embeddable":true,"href":"https:\/\/montauvo.com\/cs\/wp-json\/wp\/v2\/comments?post=385"}],"version-history":[{"count":2,"href":"https:\/\/montauvo.com\/cs\/wp-json\/wp\/v2\/pages\/385\/revisions"}],"predecessor-version":[{"id":486,"href":"https:\/\/montauvo.com\/cs\/wp-json\/wp\/v2\/pages\/385\/revisions\/486"}],"wp:attachment":[{"href":"https:\/\/montauvo.com\/cs\/wp-json\/wp\/v2\/media?parent=385"}],"curies":[{"name":"wp","href":"https:\/\/api.w.org\/{rel}","templated":true}]}}